{"id":891,"date":"2019-04-01T12:34:25","date_gmt":"2019-04-01T09:34:25","guid":{"rendered":"http:\/\/primariailvamare.ro\/?page_id=891"},"modified":"2025-03-25T16:25:38","modified_gmt":"2025-03-25T14:25:38","slug":"formulare-tip","status":"publish","type":"page","link":"https:\/\/primariailvamare.ro\/?page_id=891","title":{"rendered":"Formulare tip"},"content":{"rendered":"\n<p><\/p>\n\n\n\n<div class=\"wp-block-file\"><a id=\"wp-block-file--media-cda96ae4-8e60-4fcb-b2ff-febe9105a80c\" href=\"https:\/\/primariailvamare.ro\/wp-content\/uploads\/2025\/03\/2_Cerere-tip-ICC-si-STIMULENT.pdf\">Cerere-tip-ICC-si-STIMULENT<\/a><\/div>\n\n\n\n<div class=\"wp-block-file\"><a id=\"wp-block-file--media-08b83462-d282-422c-be6e-faaf55e87205\" href=\"https:\/\/primariailvamare.ro\/wp-content\/uploads\/2025\/03\/3-Cerere_alocatie.pdf\">Cerere_alocatie de stat pentru copii<\/a><\/div>\n\n\n\n<div class=\"wp-block-file\"><a id=\"wp-block-file--media-3090b32a-6195-404f-8ffa-b7ea3ecd061e\" href=\"https:\/\/primariailvamare.ro\/wp-content\/uploads\/2025\/03\/2-Cerere-declaratie-pe-propria-raspundere-pt.-stimulent-educational-gradinita-1.pdf\">Cerere-declaratie-pe-propria-raspundere-pt.-stimulent-educational-gradinita-1<\/a><\/div>\n\n\n\n<div class=\"wp-block-file\"><a id=\"wp-block-file--media-830ecb1f-8e8a-4562-9e81-eabba616e8ab\" href=\"https:\/\/primariailvamare.ro\/wp-content\/uploads\/2025\/03\/2-Cerere-declaratie-pe-propria-raspundere-pt.-stimulent-educational-gradinita.pdf\">Cerere-declaratie-pe-propria-raspundere-pt.-stimulent-educational-gradinita<\/a><\/div>\n\n\n\n<div class=\"wp-block-file\"><a id=\"wp-block-file--media-b234dee3-2ac2-4673-ae53-aed37675a993\" href=\"https:\/\/primariailvamare.ro\/wp-content\/uploads\/2025\/03\/2-Cerere-acordare-aj-urgenta.pdf\">Cerere-acordare-ajutor de urgenta<\/a><\/div>\n\n\n\n<div class=\"wp-block-file\"><a id=\"wp-block-file--media-a68d3979-f553-47dd-aa39-0497000cc6fd\" href=\"https:\/\/primariailvamare.ro\/wp-content\/uploads\/2025\/03\/2-Cerere-acordarea-ajutor-de-incalzire.pdf\">Cerere-acordarea-ajutor-de-incalzire<\/a><\/div>\n\n\n\n<p><a href=\"https:\/\/primariailvamare.ro\/wp-content\/uploads\/2019\/04\/formular-tip-anexa-6.docx\">Reclama\u0163ie administrativ\u0103 (2) <\/a><\/p>\n\n\n\n<p><a href=\"https:\/\/primariailvamare.ro\/wp-content\/uploads\/2019\/04\/formular-tip-anexa-5.docx\">Reclama\u0163ie administrativ\u0103 <\/a><\/p>\n\n\n\n<p><a href=\"https:\/\/primariailvamare.ro\/wp-content\/uploads\/2019\/04\/formular-tip-anexa-4.docx\">Formular-tip cerere de informa\u0163ii de interes public<\/a><\/p>\n\n\n\n<p><a href=\"https:\/\/primariailvamare.ro\/wp-content\/uploads\/2019\/04\/cerere-tip-primarie.docx\">cerere tip primarie<\/a><\/p>\n\n\n\n<p><a href=\"https:\/\/primariailvamare.ro\/wp-content\/uploads\/2019\/04\/Formular-pentru-colectarea-de-propuneri.docx\">Formular pentru colectarea de propuneri<\/a><\/p>\n","protected":false},"excerpt":{"rendered":"<p>Reclama\u0163ie administrativ\u0103 (2) Reclama\u0163ie administrativ\u0103 Formular-tip cerere de informa\u0163ii de interes public cerere tip primarie Formular pentru colectarea de propuneri<\/p>\n","protected":false},"author":1,"featured_media":0,"parent":13,"menu_order":6,"comment_status":"open","ping_status":"closed","template":"","meta":[],"_links":{"self":[{"href":"https:\/\/primariailvamare.ro\/index.php?rest_route=\/wp\/v2\/pages\/891"}],"collection":[{"href":"https:\/\/primariailvamare.ro\/index.php?rest_route=\/wp\/v2\/pages"}],"about":[{"href":"https:\/\/primariailvamare.ro\/index.php?rest_route=\/wp\/v2\/types\/page"}],"author":[{"embeddable":true,"href":"https:\/\/primariailvamare.ro\/index.php?rest_route=\/wp\/v2\/users\/1"}],"replies":[{"embeddable":true,"href":"https:\/\/primariailvamare.ro\/index.php?rest_route=%2Fwp%2Fv2%2Fcomments&post=891"}],"version-history":[{"count":0,"href":"https:\/\/primariailvamare.ro\/index.php?rest_route=\/wp\/v2\/pages\/891\/revisions"}],"up":[{"embeddable":true,"href":"https:\/\/primariailvamare.ro\/index.php?rest_route=\/wp\/v2\/pages\/13"}],"wp:attachment":[{"href":"https:\/\/primariailvamare.ro\/index.php?rest_route=%2Fwp%2Fv2%2Fmedia&parent=891"}],"curies":[{"name":"wp","href":"https:\/\/api.w.org\/{rel}","templated":true}]}}