{"id":53,"date":"2014-03-24T15:11:37","date_gmt":"2014-03-24T13:11:37","guid":{"rendered":"http:\/\/primariailvamare.ro\/?page_id=53"},"modified":"2018-02-27T11:39:39","modified_gmt":"2018-02-27T09:39:39","slug":"localitati-infratite","status":"publish","type":"page","link":"https:\/\/primariailvamare.ro\/?page_id=53","title":{"rendered":"Infrastructura si Mediu"},"content":{"rendered":"<h4><strong>1. Infrastructura de transport<\/strong><\/h4>\n<p><strong>C\u0103i de acces:<\/strong><\/p>\n<p><strong>\u00cen comuna Ilva Mare se poate ajunge urm\u00e2nd drumul judetean Ilva Mica &#8211; Lunca Ilvei .<\/strong><\/p>\n<p><strong>Ora\u015fe apropiate:<\/strong><\/p>\n<p><strong>Cele mai apropiate ora\u015fe situate de centrul comunei sunt:<\/strong><\/p>\n<p><strong>\u00a0\u00a0\u00a0\u00a0\u00a0 Bistrita \u00a0o distan\u0163\u0103 de 75 <a title=\"Km\" href=\"http:\/\/ro.wikipedia.org\/wiki\/Km\">km<\/a>;<\/strong><\/p>\n<p><strong>\u00a0\u00a0\u00a0\u00a0\u00a0 Nasaud \u00a050 km;<\/strong><\/p>\n<p><strong>\u00a0\u00a0\u00a0\u00a0\u00a0 Sangeorz Bai \u00a034 km;<\/strong><\/p>\n<p><strong>Din centrul comunei se parcurg urm\u0103toarele distan\u0163e p\u00e2n\u0103 la cele mai importante c\u0103i de acces:<\/strong><\/p>\n<ul>\n<li><strong>Drum Judetean Ilva Mica -Lunca Ilvei \u00a0\u00a0&#8211; 5 m;<\/strong><\/li>\n<li><strong>Gara\u00a0 Ilva Mare\u00a0 &#8211; 500m;<\/strong><\/li>\n<li><strong>Drum national (Ilva Mica) \u2013 26 km;<\/strong><\/li>\n<li><strong><a title=\"Gara\" href=\"http:\/\/ro.wikipedia.org\/wiki\/Gara\">Gara<\/a> Lunca Ilvei \u2013 7 km;<\/strong><\/li>\n<li><strong>Gar\u0103 Bistrita \u2013 72 km;<\/strong><\/li>\n<li><strong><a title=\"Aeroportul Interna\u0163ional Henri Coand\u0103\" href=\"http:\/\/ro.wikipedia.org\/wiki\/Aeroportul_Interna%C5%A3ional_Henri_Coand%C4%83\">Aeroportul Cluj<\/a> \u2013 155 km;<\/strong><\/li>\n<li><strong>Aeroportul Tg. Mures \u00a0\u2013 170 km.<\/strong><\/li>\n<\/ul>\n<p><strong>Transportul \u00een comun<\/strong><\/p>\n<p><strong>Transportul \u00een comun se realizeaz\u0103 cu microbuze \u00een sistem privat pe\u00a0 ruta:<\/strong><\/p>\n<p><strong>&#8211;\u00a0\u00a0\u00a0\u00a0\u00a0\u00a0\u00a0\u00a0 Lunca Ilvei\u00a0 &#8211;\u00a0 Bistrita ;<\/strong><\/p>\n<h4><strong>2. Infrastructura de utilit\u0103\u0163i<\/strong><\/h4>\n<p><strong>Alimentarea cu ap\u0103 potabil\u0103 a comunei Ilva Mare se face \u00een procent de 70% din reteaua de apa potabila a comunei iar diferenta din aduc\u0163iuni proprii de ap\u0103 \u015fi \u00a0din f\u00e2nt\u00e2ni.<\/strong><\/p>\n<p><strong>Localitatea \u00a0dispune de re\u0163ea de canalizare, in lungime de 8,5 km , sta\u0163ie de epurare \u015fi tratare a apelor reziduale, care in cursul anului 2014 au fost date in folosinta.\u00a0 Astfel se acopera 50% din necesarul de canalizare al comunei .<\/strong><\/p>\n<p><strong>\u00cen prezent locuitorii comunei Ilva Mare nu dispun de un sistem de alimentare cu gaze naturale. Prepararea hranei se realizeaz\u0103 cu sobe de \u00a0lemne, precum \u015fi cu sobe tip aragaz cu butelii de gaz lichefiat.<\/strong><\/p>\n<p><strong>Alimentarea comunei cu energie electric\u0103 se face \u00een procent de 99%\u00a0 ultima investitie a fost realizata din fonduri proprii in anul 2011 \u015fi partial reabilitata in 2012-2013. Iluminatul public se realizeaz\u0103\u00a0 \u00een procent de 98%.<\/strong><\/p>\n<p><strong>Comuna se afl\u0103 \u00een zona de acoperire a re\u0163elelor de telefonie mobil\u0103 cu un procent de acoperire de 95%, \u00a0re\u0163ea de telefonie fix\u0103 (aproximativ 50%) \u015fi interne \u00a0prin cablu si telefonia mobila.<\/strong><\/p>\n<p><strong>Re\u0163eaua de drumuri a comunei (drumuri in intravilanul localitatii) este format\u0103 din 60 % drumuri asfaltate \u015fi 40 % drumuri pietruite. Modernizarea drumurilor locale face parte din proiectele prioritare ale comunei \u00een perioada 2014 \u2013 2020.<\/strong><\/p>\n<p><strong>Serviciul de salubrizare este realizat \u00een procent de 100% dar necesit\u0103 dot\u0103ri in conformitate cu normele si caietul de sarcini stabilite in contractul incheiat de ADI deseuri Bistrita Nasaud din care face parte si comuna noastra.<\/strong><\/p>\n<h4><strong>3. S\u0103n\u0103tate<\/strong><\/h4>\n<p><strong>Asigurarea serviciilor medicale \u00een comuna Ilva Mare se face de c\u0103tre:<\/strong><\/p>\n<p><strong>\u25cf 1 dispensar uman;<\/strong><\/p>\n<p><strong>\u25cf 1 farmacie uman\u0103;<\/strong><\/p>\n<p><strong>\u25cf 1 cabinet stomatologic;<\/strong><\/p>\n<p><strong>\u25cf 1 medic;<\/strong><\/p>\n<p><strong>\u25cf 2 asistente medicale;<\/strong><\/p>\n<p><strong>\u25cf 1 stomatolog;<\/strong><\/p>\n<p><strong>\u25cf 1 farmaci\u015fti;<\/strong><\/p>\n<p><strong>\u25cf 1 dispensar veterinar;<\/strong><\/p>\n<p><strong>\u25cf 1 medic veterinar;<\/strong><\/p>\n<p><strong>\u25cf 2 tehnician veterinar.<\/strong><\/p>\n<h4><strong>4. Mediu<\/strong><\/h4>\n<p><strong>\u00cen comuna Ilva Mare nu exist\u0103 factori industriali care contribuie la poluarea mediului \u00eenconjur\u0103tor al comunei.<\/strong><\/p>\n<p><strong>\u00cen plan urbanistic general au fost tratate problemele legate de doi factori poluan\u0163i, \u015fi anume: gunoiul menajer \u015fi apele uzate.<\/strong><\/p>\n<p>&nbsp;<\/p>\n","protected":false},"excerpt":{"rendered":"<p>1. Infrastructura de transport C\u0103i de acces: \u00cen comuna Ilva Mare se poate ajunge urm\u00e2nd drumul judetean Ilva Mica &#8211; Lunca Ilvei . Ora\u015fe apropiate: Cele mai apropiate ora\u015fe situate de centrul comunei sunt: \u00a0\u00a0\u00a0\u00a0\u00a0 Bistrita \u00a0o distan\u0163\u0103 de 75 &hellip; <a href=\"https:\/\/primariailvamare.ro\/?page_id=53\">Continued<\/a><\/p>\n","protected":false},"author":1,"featured_media":0,"parent":5,"menu_order":6,"comment_status":"closed","ping_status":"closed","template":"","meta":[],"_links":{"self":[{"href":"https:\/\/primariailvamare.ro\/index.php?rest_route=\/wp\/v2\/pages\/53"}],"collection":[{"href":"https:\/\/primariailvamare.ro\/index.php?rest_route=\/wp\/v2\/pages"}],"about":[{"href":"https:\/\/primariailvamare.ro\/index.php?rest_route=\/wp\/v2\/types\/page"}],"author":[{"embeddable":true,"href":"https:\/\/primariailvamare.ro\/index.php?rest_route=\/wp\/v2\/users\/1"}],"replies":[{"embeddable":true,"href":"https:\/\/primariailvamare.ro\/index.php?rest_route=%2Fwp%2Fv2%2Fcomments&post=53"}],"version-history":[{"count":0,"href":"https:\/\/primariailvamare.ro\/index.php?rest_route=\/wp\/v2\/pages\/53\/revisions"}],"up":[{"embeddable":true,"href":"https:\/\/primariailvamare.ro\/index.php?rest_route=\/wp\/v2\/pages\/5"}],"wp:attachment":[{"href":"https:\/\/primariailvamare.ro\/index.php?rest_route=%2Fwp%2Fv2%2Fmedia&parent=53"}],"curies":[{"name":"wp","href":"https:\/\/api.w.org\/{rel}","templated":true}]}}