{"id":48,"date":"2014-03-24T15:09:28","date_gmt":"2014-03-24T13:09:28","guid":{"rendered":"http:\/\/primariailvamare.ro\/?page_id=48"},"modified":"2014-11-24T17:46:14","modified_gmt":"2014-11-24T15:46:14","slug":"turism","status":"publish","type":"page","link":"https:\/\/primariailvamare.ro\/?page_id=48","title":{"rendered":"Turism"},"content":{"rendered":"<h4><strong>\u00a0 \u00a0 \u00a0Obiective turistice:<\/strong><\/h4>\n<p><strong>M\u0103n\u0103stirea &#8222;Schimbarea la fa\u0163\u0103&#8221;<\/strong><br \/>\n<strong> Izvoarele de ap\u0103 mineral\u0103 natural\u0103 (Borcut)<\/strong><\/p>\n","protected":false},"excerpt":{"rendered":"<p>\u00a0 \u00a0 \u00a0Obiective turistice: M\u0103n\u0103stirea &#8222;Schimbarea la fa\u0163\u0103&#8221; Izvoarele de ap\u0103 mineral\u0103 natural\u0103 (Borcut)<\/p>\n","protected":false},"author":1,"featured_media":0,"parent":5,"menu_order":10,"comment_status":"closed","ping_status":"open","template":"","meta":[],"_links":{"self":[{"href":"https:\/\/primariailvamare.ro\/index.php?rest_route=\/wp\/v2\/pages\/48"}],"collection":[{"href":"https:\/\/primariailvamare.ro\/index.php?rest_route=\/wp\/v2\/pages"}],"about":[{"href":"https:\/\/primariailvamare.ro\/index.php?rest_route=\/wp\/v2\/types\/page"}],"author":[{"embeddable":true,"href":"https:\/\/primariailvamare.ro\/index.php?rest_route=\/wp\/v2\/users\/1"}],"replies":[{"embeddable":true,"href":"https:\/\/primariailvamare.ro\/index.php?rest_route=%2Fwp%2Fv2%2Fcomments&post=48"}],"version-history":[{"count":0,"href":"https:\/\/primariailvamare.ro\/index.php?rest_route=\/wp\/v2\/pages\/48\/revisions"}],"up":[{"embeddable":true,"href":"https:\/\/primariailvamare.ro\/index.php?rest_route=\/wp\/v2\/pages\/5"}],"wp:attachment":[{"href":"https:\/\/primariailvamare.ro\/index.php?rest_route=%2Fwp%2Fv2%2Fmedia&parent=48"}],"curies":[{"name":"wp","href":"https:\/\/api.w.org\/{rel}","templated":true}]}}