{"id":46,"date":"2014-03-24T15:08:39","date_gmt":"2014-03-24T13:08:39","guid":{"rendered":"http:\/\/primariailvamare.ro\/?page_id=46"},"modified":"2014-11-24T17:46:38","modified_gmt":"2014-11-24T15:46:38","slug":"evenimente-importante","status":"publish","type":"page","link":"https:\/\/primariailvamare.ro\/?page_id=46","title":{"rendered":"Evenimente importante"},"content":{"rendered":"<p><strong>T\u00e2rg de animale si pia\u0163\u0103 \u00een fiecare zi de luni din s\u0103ptam\u00e2n\u0103.<\/strong><\/p>\n<p><strong>Festivalul &#8222;Sambra oilor&#8221; (\u00een cea de-a doua zi de Rusalii)<\/strong><\/p>\n","protected":false},"excerpt":{"rendered":"<p>T\u00e2rg de animale si pia\u0163\u0103 \u00een fiecare zi de luni din s\u0103ptam\u00e2n\u0103. Festivalul &#8222;Sambra oilor&#8221; (\u00een cea de-a doua zi de Rusalii)<\/p>\n","protected":false},"author":1,"featured_media":0,"parent":5,"menu_order":11,"comment_status":"closed","ping_status":"closed","template":"","meta":[],"_links":{"self":[{"href":"https:\/\/primariailvamare.ro\/index.php?rest_route=\/wp\/v2\/pages\/46"}],"collection":[{"href":"https:\/\/primariailvamare.ro\/index.php?rest_route=\/wp\/v2\/pages"}],"about":[{"href":"https:\/\/primariailvamare.ro\/index.php?rest_route=\/wp\/v2\/types\/page"}],"author":[{"embeddable":true,"href":"https:\/\/primariailvamare.ro\/index.php?rest_route=\/wp\/v2\/users\/1"}],"replies":[{"embeddable":true,"href":"https:\/\/primariailvamare.ro\/index.php?rest_route=%2Fwp%2Fv2%2Fcomments&post=46"}],"version-history":[{"count":0,"href":"https:\/\/primariailvamare.ro\/index.php?rest_route=\/wp\/v2\/pages\/46\/revisions"}],"up":[{"embeddable":true,"href":"https:\/\/primariailvamare.ro\/index.php?rest_route=\/wp\/v2\/pages\/5"}],"wp:attachment":[{"href":"https:\/\/primariailvamare.ro\/index.php?rest_route=%2Fwp%2Fv2%2Fmedia&parent=46"}],"curies":[{"name":"wp","href":"https:\/\/api.w.org\/{rel}","templated":true}]}}