{"id":44,"date":"2014-03-24T15:07:35","date_gmt":"2014-03-24T13:07:35","guid":{"rendered":"http:\/\/primariailvamare.ro\/?page_id=44"},"modified":"2014-11-24T17:45:21","modified_gmt":"2014-11-24T15:45:21","slug":"religia","status":"publish","type":"page","link":"https:\/\/primariailvamare.ro\/?page_id=44","title":{"rendered":"Religia"},"content":{"rendered":"<h4><strong>1. Biserici<\/strong><\/h4>\n<p><strong>La nivelul comunei Ilva Mare exist\u0103 9 biserici:<\/strong><\/p>\n<p><strong>\u00a0&#8211; 2 biserici ortodoxe \u00een satul Ilva Mare;<\/strong><\/p>\n<p><strong>\u00a0&#8211; 1 Manastire ortodox\u0103 \u00een satul Ilva Mare;<\/strong><\/p>\n<p><strong>\u00a0&#8211; 1 biseric\u0103 Greco Catolica \u00a0\u00een satul Ilva Mare;<\/strong><\/p>\n<p><strong>\u00a0&#8211; 1 biseric\u0103 baptist\u0103 \u00een satul Ilva Mare;<\/strong><\/p>\n<p><strong>\u00a0&#8211; 1 biseric\u0103 penticostal\u0103 \u00een satul Ilva Mare;<\/strong><\/p>\n<p><strong>&#8211; 1 biserica Adventista in satul Ilva Mare;<\/strong><\/p>\n<p><strong>&#8211; 2 biserici ai Martorilor lui Iehova in satul Ivaneasa<\/strong><\/p>\n<h4><strong>2. Structura pe confesiuni:<\/strong><\/h4>\n<p><a href=\"https:\/\/primariailvamare.ro\/wp-content\/uploads\/2014\/03\/conf.bmp\"><img decoding=\"async\" class=\"alignnone size-medium wp-image-324\" alt=\"conf\" src=\"https:\/\/primariailvamare.ro\/wp-content\/uploads\/2014\/03\/conf.bmp\" \/><\/a><\/p>\n","protected":false},"excerpt":{"rendered":"<p>1. Biserici La nivelul comunei Ilva Mare exist\u0103 9 biserici: \u00a0&#8211; 2 biserici ortodoxe \u00een satul Ilva Mare; \u00a0&#8211; 1 Manastire ortodox\u0103 \u00een satul Ilva Mare; \u00a0&#8211; 1 biseric\u0103 Greco Catolica \u00a0\u00een satul Ilva Mare; \u00a0&#8211; 1 biseric\u0103 baptist\u0103 \u00een &hellip; <a href=\"https:\/\/primariailvamare.ro\/?page_id=44\">Continued<\/a><\/p>\n","protected":false},"author":1,"featured_media":0,"parent":5,"menu_order":8,"comment_status":"closed","ping_status":"closed","template":"","meta":[],"_links":{"self":[{"href":"https:\/\/primariailvamare.ro\/index.php?rest_route=\/wp\/v2\/pages\/44"}],"collection":[{"href":"https:\/\/primariailvamare.ro\/index.php?rest_route=\/wp\/v2\/pages"}],"about":[{"href":"https:\/\/primariailvamare.ro\/index.php?rest_route=\/wp\/v2\/types\/page"}],"author":[{"embeddable":true,"href":"https:\/\/primariailvamare.ro\/index.php?rest_route=\/wp\/v2\/users\/1"}],"replies":[{"embeddable":true,"href":"https:\/\/primariailvamare.ro\/index.php?rest_route=%2Fwp%2Fv2%2Fcomments&post=44"}],"version-history":[{"count":0,"href":"https:\/\/primariailvamare.ro\/index.php?rest_route=\/wp\/v2\/pages\/44\/revisions"}],"up":[{"embeddable":true,"href":"https:\/\/primariailvamare.ro\/index.php?rest_route=\/wp\/v2\/pages\/5"}],"wp:attachment":[{"href":"https:\/\/primariailvamare.ro\/index.php?rest_route=%2Fwp%2Fv2%2Fmedia&parent=44"}],"curies":[{"name":"wp","href":"https:\/\/api.w.org\/{rel}","templated":true}]}}