{"id":39,"date":"2014-03-24T15:05:14","date_gmt":"2014-03-24T13:05:14","guid":{"rendered":"http:\/\/primariailvamare.ro\/?page_id=39"},"modified":"2014-11-24T17:35:09","modified_gmt":"2014-11-24T15:35:09","slug":"traditii-si-obiceiuri","status":"publish","type":"page","link":"https:\/\/primariailvamare.ro\/?page_id=39","title":{"rendered":"Agricultura, silvicultura \u015fi dezvoltare rurala"},"content":{"rendered":"<h4><strong>1\u00a0\u00a0\u00a0\u00a0\u00a0\u00a0\u00a0\u00a0\u00a0\u00a0\u00a0 Agricultura<\/strong><\/h4>\n<p><strong>Condi\u0163iile geografice \u015fi climaterice ale zonei au determinat locuitorii s\u0103 practice o serie de activit\u0103\u0163i predominant agricole cum ar fi: cultivarea plantelor \u015fi cre\u015fterea animalelor. Comuna de\u0163ine o baz\u0103 economic\u0103 cu profil agrar.<\/strong><\/p>\n<p><strong>Suprafa\u0163a administrativ teritorial\u0103 este de\u00a0 6725,87 ha din care teren intravilan 682,78 ha \u015fi teren extravilan 6043,09 ha.\u00a0 Suprafa\u0163a agricol\u0103 a comunei ILva Mare este de 4110 ha\u00a0<\/strong><\/p>\n<div align=\"center\">\n<table width=\"333\" border=\"1\" cellspacing=\"0\" cellpadding=\"0\">\n<tbody>\n<tr>\n<td width=\"175\">\n<p align=\"center\"><strong>CATEGORIA<\/strong><\/p>\n<\/td>\n<td width=\"157\">\n<p align=\"center\"><strong>SUPRAFATA HA<\/strong><\/p>\n<\/td>\n<\/tr>\n<tr>\n<td width=\"175\">\n<p align=\"center\"><strong>Teren arabil<\/strong><\/p>\n<\/td>\n<td width=\"157\">\n<p align=\"center\"><strong>442<\/strong><\/p>\n<\/td>\n<\/tr>\n<tr>\n<td width=\"175\">\n<p align=\"center\"><strong>P\u0103\u015funi<\/strong><\/p>\n<\/td>\n<td width=\"157\">\n<p align=\"center\"><strong>1103<\/strong><\/p>\n<\/td>\n<\/tr>\n<tr>\n<td width=\"175\">\n<p align=\"center\"><strong>F\u00e2nea\u0163\u0103 natural\u0103<\/strong><\/p>\n<\/td>\n<td width=\"157\">\n<p align=\"center\"><strong>1738<\/strong><\/p>\n<\/td>\n<\/tr>\n<tr>\n<td width=\"175\">\n<p align=\"center\"><strong>Vii<\/strong><\/p>\n<\/td>\n<td width=\"157\">\n<p align=\"center\"><strong>0<\/strong><\/p>\n<\/td>\n<\/tr>\n<tr>\n<td width=\"175\">\n<p align=\"center\"><strong>Livezi<\/strong><\/p>\n<\/td>\n<td width=\"157\">\n<p align=\"center\"><strong>1<\/strong><\/p>\n<\/td>\n<\/tr>\n<tr>\n<td width=\"175\">\n<p align=\"center\"><strong>P\u0103duri<\/strong><\/p>\n<\/td>\n<td width=\"157\">\n<p align=\"center\"><strong>3022,87<\/strong><\/p>\n<\/td>\n<\/tr>\n<tr>\n<td width=\"175\">\n<p align=\"center\"><strong>Ape<\/strong><\/p>\n<\/td>\n<td width=\"157\">\n<p align=\"center\"><strong>7<\/strong><\/p>\n<\/td>\n<\/tr>\n<tr>\n<td width=\"175\">\n<p align=\"center\"><strong>Drumuri<\/strong><\/p>\n<\/td>\n<td width=\"157\">\n<p align=\"center\"><strong>154<\/strong><\/p>\n<\/td>\n<\/tr>\n<tr>\n<td width=\"175\">\n<p align=\"center\"><strong>Construc\u0163ii<\/strong><\/p>\n<\/td>\n<td width=\"157\">\n<p align=\"center\"><strong>26<\/strong><\/p>\n<\/td>\n<\/tr>\n<tr>\n<td width=\"175\">\n<p align=\"center\"><strong>Neprouctiv<\/strong><\/p>\n<\/td>\n<td width=\"157\">\n<p align=\"center\"><strong>232<\/strong><\/p>\n<\/td>\n<\/tr>\n<tr>\n<td width=\"175\">\n<p align=\"center\"><strong>Total<\/strong><\/p>\n<\/td>\n<td width=\"157\">\n<p align=\"center\"><strong>6482<\/strong><\/p>\n<\/td>\n<\/tr>\n<\/tbody>\n<\/table>\n<\/div>\n<p><strong>\u00a0<\/strong><\/p>\n<p><strong>Suprafa\u0163a agricol\u0103 a comunei este \u00eemp\u0103r\u0163it\u0103 \u00een aproximativ 830 exploata\u0163ii agricole individuale, care au o suprafa\u0163\u0103 medie de\u00a0 4 ha teren agricol.<\/strong><\/p>\n<p><strong>Poten\u0163ialul agricol de la nivelul comunei este preponderent destinat dezvolt\u0103rii zootehniei.<\/strong><\/p>\n<h4><strong>2. Produc\u0163ia vegetal\u0103<\/strong><\/h4>\n<p><strong>Cea mai mare parte din teritoriul agricol este cultivat cu cartofi , urm\u00e2nd cultura plantelor de nutre\u0163. Agricultura constituie ramura de baz\u0103 a economiei, dezvolt\u00e2ndu-se , cultura\u00a0 cartofului,\u00a0 precum \u015fi zootehnia.<\/strong><\/p>\n<p><strong>Produc\u0163ia agricol\u0103 este organizat\u0103 \u00een exploata\u0163ii familiale. Situa\u0163ia suprafe\u0163elor cultivate\u00a0 la principalele culturi din 2013 se prezint\u0103 astfel:<\/strong><\/p>\n<div align=\"center\">\n<table width=\"419\" border=\"1\" cellspacing=\"0\" cellpadding=\"0\">\n<tbody>\n<tr>\n<td width=\"160\">\n<p align=\"center\"><strong>CULTURA<\/strong><\/p>\n<\/td>\n<td width=\"259\">\n<p align=\"center\"><strong>SUPRAFE\u0162E CULTIVATE (HA)<\/strong><\/p>\n<\/td>\n<\/tr>\n<tr>\n<td width=\"160\"><strong>Cartofi<\/strong><\/td>\n<td width=\"259\">\n<p align=\"center\"><strong>280<\/strong><\/p>\n<\/td>\n<\/tr>\n<tr>\n<td width=\"160\"><strong>Plante de nutret<\/strong><\/td>\n<td width=\"259\">\n<p align=\"center\"><strong>152<\/strong><\/p>\n<\/td>\n<\/tr>\n<tr>\n<td width=\"160\"><strong>Porumb<\/strong><\/td>\n<td width=\"259\">\n<p align=\"center\"><strong>28<\/strong><\/p>\n<\/td>\n<\/tr>\n<\/tbody>\n<\/table>\n<\/div>\n<p align=\"center\"><strong>\u00a0<\/strong><\/p>\n<p align=\"center\"><strong>\u00a0<a href=\"https:\/\/primariailvamare.ro\/wp-content\/uploads\/2014\/11\/supr.bmp\"><img decoding=\"async\" alt=\"supr\" src=\"https:\/\/primariailvamare.ro\/wp-content\/uploads\/2014\/11\/supr.bmp\" \/><\/a><\/strong><\/p>\n<p><strong>\u00a0<\/strong><\/p>\n<h4><strong>3. Pomicultur\u0103, legumicultur\u0103<\/strong><\/h4>\n<p><strong>\u00cen ceea ce prive\u015fte pomicultura , aceasta se practic\u0103 pe o suprafa\u0163\u0103 mica, pentru consumul propriu si in special in apropierea gospodariilor populatiei , iar legumicultura de asemenea \u00a0pe o suprafa\u0163\u0103 mica pentru consumul propriu , in medie de 1 ar pe fiecare gospodarie.<\/strong><\/p>\n<h4><strong>4. Zootehnia<\/strong><\/h4>\n<p><strong>O contribu\u0163ie important\u0103 la dezvoltarea zootehniei \u00een comuna Ilva Mare o are suprafa\u0163\u0103 mare de p\u0103\u015fune existent\u0103 de 1103 ha si f\u00e2nete de 1738 ha. Poten\u0163ialul agricol de la nivelul comunei este preponderent destinat dezvolt\u0103rii zootehniei.<\/strong><\/p>\n<p><strong>Datorit\u0103 faptului\u00a0 c\u0103 popula\u0163ia comunei este \u00eemb\u0103tr\u00e2nit\u0103 \u015fi sectorul zootehnic \u00eenregistreaz\u0103 un regres, se preconizeaz\u0103 ca \u00een perioada urm\u0103toare s\u0103 se constituie asocia\u0163ii agricole, care s\u0103 comaseze par\u0163ial terenul agricol.<\/strong><\/p>\n<p align=\"center\"><strong>Efectivul de animale se prezint\u0103 astfel:<\/strong><\/p>\n<div align=\"center\">\n<table border=\"1\" cellspacing=\"0\" cellpadding=\"0\">\n<thead>\n<tr>\n<td width=\"252\">\n<p align=\"center\"><strong>CATEGORIA<\/strong><\/p>\n<\/td>\n<td width=\"204\">\n<p align=\"center\"><strong>NUM\u0102R<\/strong><\/p>\n<\/td>\n<\/tr>\n<\/thead>\n<tbody>\n<tr>\n<td width=\"252\">\n<p align=\"center\"><strong>P\u0103s\u0103ri<\/strong><\/p>\n<\/td>\n<td width=\"204\">\n<p align=\"center\"><strong>8800<\/strong><\/p>\n<\/td>\n<\/tr>\n<tr>\n<td width=\"252\">\n<p align=\"center\"><strong>Bovine<\/strong><\/p>\n<\/td>\n<td width=\"204\">\n<p align=\"center\"><strong>2075<\/strong><\/p>\n<\/td>\n<\/tr>\n<tr>\n<td width=\"252\">\n<p align=\"center\"><strong>Ovine<\/strong><\/p>\n<\/td>\n<td width=\"204\">\n<p align=\"center\"><strong>2850<\/strong><\/p>\n<\/td>\n<\/tr>\n<tr>\n<td width=\"252\">\n<p align=\"center\"><strong>Porcine<\/strong><\/p>\n<\/td>\n<td width=\"204\">\n<p align=\"center\"><strong>1760<\/strong><\/p>\n<\/td>\n<\/tr>\n<tr>\n<td width=\"252\">\n<p align=\"center\"><strong>Cabaline<\/strong><\/p>\n<\/td>\n<td width=\"204\">\n<p align=\"center\"><strong>210<\/strong><\/p>\n<\/td>\n<\/tr>\n<\/tbody>\n<\/table>\n<\/div>\n<p align=\"center\"><strong>\u00a0<\/strong><\/p>\n<p><strong>Pentru a se ajunge la un standard european de dezvoltare, la nivelul comunei Ilva Mare se pot \u00eenfiin\u0163a complexe agrozootehnice, puncte de colectare \u015fi prelucrare a produselor animaliere.<\/strong><\/p>\n<h4><strong>5 Piscicultur\u0103<\/strong><\/h4>\n<p><strong>Exist\u0103 o suprafa\u0163\u0103 nesemnificativa de\u00a0 luciu de ap\u0103 \u00a0pentru piscicultur\u0103 , potentialul este redus , fiind necesare investitii semnificative pentru dezvoltarea acestui sector.<\/strong><\/p>\n","protected":false},"excerpt":{"rendered":"<p>1\u00a0\u00a0\u00a0\u00a0\u00a0\u00a0\u00a0\u00a0\u00a0\u00a0\u00a0 Agricultura Condi\u0163iile geografice \u015fi climaterice ale zonei au determinat locuitorii s\u0103 practice o serie de activit\u0103\u0163i predominant agricole cum ar fi: cultivarea plantelor \u015fi cre\u015fterea animalelor. Comuna de\u0163ine o baz\u0103 economic\u0103 cu profil agrar. Suprafa\u0163a administrativ teritorial\u0103 este de\u00a0 &hellip; <a href=\"https:\/\/primariailvamare.ro\/?page_id=39\">Continued<\/a><\/p>\n","protected":false},"author":1,"featured_media":0,"parent":5,"menu_order":5,"comment_status":"closed","ping_status":"open","template":"","meta":[],"_links":{"self":[{"href":"https:\/\/primariailvamare.ro\/index.php?rest_route=\/wp\/v2\/pages\/39"}],"collection":[{"href":"https:\/\/primariailvamare.ro\/index.php?rest_route=\/wp\/v2\/pages"}],"about":[{"href":"https:\/\/primariailvamare.ro\/index.php?rest_route=\/wp\/v2\/types\/page"}],"author":[{"embeddable":true,"href":"https:\/\/primariailvamare.ro\/index.php?rest_route=\/wp\/v2\/users\/1"}],"replies":[{"embeddable":true,"href":"https:\/\/primariailvamare.ro\/index.php?rest_route=%2Fwp%2Fv2%2Fcomments&post=39"}],"version-history":[{"count":0,"href":"https:\/\/primariailvamare.ro\/index.php?rest_route=\/wp\/v2\/pages\/39\/revisions"}],"up":[{"embeddable":true,"href":"https:\/\/primariailvamare.ro\/index.php?rest_route=\/wp\/v2\/pages\/5"}],"wp:attachment":[{"href":"https:\/\/primariailvamare.ro\/index.php?rest_route=%2Fwp%2Fv2%2Fmedia&parent=39"}],"curies":[{"name":"wp","href":"https:\/\/api.w.org\/{rel}","templated":true}]}}