{"id":37,"date":"2014-03-24T15:04:25","date_gmt":"2014-03-24T13:04:25","guid":{"rendered":"http:\/\/primariailvamare.ro\/?page_id=37"},"modified":"2014-11-24T16:37:51","modified_gmt":"2014-11-24T14:37:51","slug":"cultura","status":"publish","type":"page","link":"https:\/\/primariailvamare.ro\/?page_id=37","title":{"rendered":"Educatie si Cultura"},"content":{"rendered":"<h4><strong>1. \u00cenv\u0103\u0163\u0103m\u00e2nt<\/strong><\/h4>\n<p><strong>\u00a0\u00a0\u00a0\u00a0\u00a0\u00a0\u00a0\u00a0\u00a0\u00a0\u00a0 Sistemul de \u00eenv\u0103\u0163\u0103m\u00e2nt al comunei Ilva Mare \u00a0este format din 3 \u015fcoli \u015fi 3 gr\u0103dini\u0163\u0103:<\/strong><\/p>\n<p><strong>&#8211; \u00een satul Ilva Mare \u00a0functioneaz\u0103 o \u015fcoal\u0103 cu clasele I \u2013 VIII \u00a0cu un efectiv de 211 , o Scoala clasele I &#8211; IV cu 11 copii \u00a0\u015fi 3 gr\u0103dini\u0163\u0103 cu 100 de copii;<\/strong><\/p>\n<p><strong>&#8211; \u00een satul Ivaneasa\u00a0 o \u015fcoal\u0103 cu clasele I \u2013 IV cu un num\u0103r de 12 \u015fcolari in Poiana Catunenilor;<\/strong><\/p>\n<h4><strong>2. Cultur\u0103<\/strong><\/h4>\n<p><strong>La nivelul comunei Ilva Mare este\u00a0 reabilitat\u00a0 c\u0103minul\u00a0 cultural din centrul localitatii:<\/strong><\/p>\n<p><strong>Comuna Ilva Mare\u00a0 mai de\u0163ine \u015fi o bibliotec\u0103 comunala dotata si cu 4 calculatoare cu biblionet precum si o biblioteca scolara.<\/strong><\/p>\n<p><strong>Pentru p\u0103strarea tradi\u0163iilor \u015fi a culturii trebuie facute eforturi de toti factorii care se pot implica , fiind o comoara pe care nu avem dreptul sa o pierdem.<\/strong><\/p>\n<p>&nbsp;<\/p>\n<h4><strong>Evenimente culturale cu caracter tradi\u0163ional:<\/strong><\/h4>\n<p><strong>\u25cf Sambra Oilor \u00a0\u2013 se deaf\u0103\u015foar\u0103 a doua zi de Rusalii;<\/strong><\/p>\n<p><strong>\u25cf Festival de cantece si obiceiuri de iarna de pe Valea Ilvei prin rotatie in toate comunele Vaii Ilvei.<\/strong><\/p>\n<p><strong>&#8211; Hram \u2013 Manastirea Schimbarea la Fata \u2013 in data de 6 august<\/strong><\/p>\n","protected":false},"excerpt":{"rendered":"<p>1. \u00cenv\u0103\u0163\u0103m\u00e2nt \u00a0\u00a0\u00a0\u00a0\u00a0\u00a0\u00a0\u00a0\u00a0\u00a0\u00a0 Sistemul de \u00eenv\u0103\u0163\u0103m\u00e2nt al comunei Ilva Mare \u00a0este format din 3 \u015fcoli \u015fi 3 gr\u0103dini\u0163\u0103: &#8211; \u00een satul Ilva Mare \u00a0functioneaz\u0103 o \u015fcoal\u0103 cu clasele I \u2013 VIII \u00a0cu un efectiv de 211 , o Scoala clasele &hellip; <a href=\"https:\/\/primariailvamare.ro\/?page_id=37\">Continued<\/a><\/p>\n","protected":false},"author":1,"featured_media":0,"parent":5,"menu_order":4,"comment_status":"closed","ping_status":"open","template":"","meta":[],"_links":{"self":[{"href":"https:\/\/primariailvamare.ro\/index.php?rest_route=\/wp\/v2\/pages\/37"}],"collection":[{"href":"https:\/\/primariailvamare.ro\/index.php?rest_route=\/wp\/v2\/pages"}],"about":[{"href":"https:\/\/primariailvamare.ro\/index.php?rest_route=\/wp\/v2\/types\/page"}],"author":[{"embeddable":true,"href":"https:\/\/primariailvamare.ro\/index.php?rest_route=\/wp\/v2\/users\/1"}],"replies":[{"embeddable":true,"href":"https:\/\/primariailvamare.ro\/index.php?rest_route=%2Fwp%2Fv2%2Fcomments&post=37"}],"version-history":[{"count":0,"href":"https:\/\/primariailvamare.ro\/index.php?rest_route=\/wp\/v2\/pages\/37\/revisions"}],"up":[{"embeddable":true,"href":"https:\/\/primariailvamare.ro\/index.php?rest_route=\/wp\/v2\/pages\/5"}],"wp:attachment":[{"href":"https:\/\/primariailvamare.ro\/index.php?rest_route=%2Fwp%2Fv2%2Fmedia&parent=37"}],"curies":[{"name":"wp","href":"https:\/\/api.w.org\/{rel}","templated":true}]}}