{"id":35,"date":"2014-03-24T15:03:08","date_gmt":"2014-03-24T13:03:08","guid":{"rendered":"http:\/\/primariailvamare.ro\/?page_id=35"},"modified":"2014-11-24T16:31:32","modified_gmt":"2014-11-24T14:31:32","slug":"economie","status":"publish","type":"page","link":"https:\/\/primariailvamare.ro\/?page_id=35","title":{"rendered":"Economie"},"content":{"rendered":"<p><strong>Specificul economic al comunei Ilva Mare \u00a0este 20% exploatarea si prelucrarea lemnului \u00a0\u015fi 80% zootehnic, locuitorii ocup\u00e2ndu-se de cultivarea p\u0103m\u00e2ntului \u015fi cre\u015fterea animalelor.<\/strong><\/p>\n<p><strong>Produc\u0163ia agricol\u0103 constituie o preocupare \u00eensemnat\u0103 a locuitorilor din zona comunei Ilva Mare, produsele vegetale \u015fi cele rezultate din cre\u015fterea animalelor fiind utilizate \u015fi valorificate, cu prioritate, pe plan local. Datorit\u0103 resurselor de care dispune, localitatea prezint\u0103 poten\u0163ial de afaceri unde investitorii ar putea desf\u0103\u015fura activit\u0103\u0163i \u00een domeniul agricol, \u00eenfiin\u0163area de ferme zootehnice sau de prelucrare a produselor animaliere, valorificare \u00a0piatr\u0103, apa plata si minerala, \u00a0precum \u015fi \u00een servicii, eventual turism \u015fi agroturism.<\/strong><\/p>\n<p><strong>La nivelul comunei\u00a0 se poate asigura teren agricol \u015fi \u00een special p\u0103\u015funi pentru \u00eenfiin\u0163area de ferme zootehnice. Mai exist\u0103 posibilitatea \u00eenfiin\u0163\u0103rii de asocia\u0163ii agricole \u015fi se poate dezvolta agroturismul.<\/strong><\/p>\n<p><strong>Se impune valorificarea rezervelor interne existente pentru cre\u015fterea produc\u0163iei\u00a0 agricole, \u00eendeosebi a produc\u0163iei animaliere prin majorarea efectivelor de animale. Sectorul ter\u0163iar se va dezvolta \u015fi el prin crearea de noi unit\u0103\u0163i de prest\u0103ri servicii, comer\u0163, etc.<\/strong><\/p>\n<h4><strong>Mediu de afaceri<\/strong><\/h4>\n<p><strong>Pe teritoriul comunei Ilva Mare \u00eesi desfa\u015foar\u0103 activitatea o serie de persoane juridice (PF, AF, SC, Societ\u0103\u0163i agricole, Asocia\u0163ii agricole) cu sediul social \u00een comun\u0103 , cele mai importante .<\/strong><\/p>\n<p><strong>SC Valea Ilvei SRL; SC Vasiliu Ecaterina\u00a0 ; ACOC Ilva Mare; SC Agro Milut SRL<\/strong><\/p>\n","protected":false},"excerpt":{"rendered":"<p>Specificul economic al comunei Ilva Mare \u00a0este 20% exploatarea si prelucrarea lemnului \u00a0\u015fi 80% zootehnic, locuitorii ocup\u00e2ndu-se de cultivarea p\u0103m\u00e2ntului \u015fi cre\u015fterea animalelor. Produc\u0163ia agricol\u0103 constituie o preocupare \u00eensemnat\u0103 a locuitorilor din zona comunei Ilva Mare, produsele vegetale \u015fi cele &hellip; <a href=\"https:\/\/primariailvamare.ro\/?page_id=35\">Continued<\/a><\/p>\n","protected":false},"author":1,"featured_media":0,"parent":5,"menu_order":3,"comment_status":"closed","ping_status":"open","template":"","meta":[],"_links":{"self":[{"href":"https:\/\/primariailvamare.ro\/index.php?rest_route=\/wp\/v2\/pages\/35"}],"collection":[{"href":"https:\/\/primariailvamare.ro\/index.php?rest_route=\/wp\/v2\/pages"}],"about":[{"href":"https:\/\/primariailvamare.ro\/index.php?rest_route=\/wp\/v2\/types\/page"}],"author":[{"embeddable":true,"href":"https:\/\/primariailvamare.ro\/index.php?rest_route=\/wp\/v2\/users\/1"}],"replies":[{"embeddable":true,"href":"https:\/\/primariailvamare.ro\/index.php?rest_route=%2Fwp%2Fv2%2Fcomments&post=35"}],"version-history":[{"count":0,"href":"https:\/\/primariailvamare.ro\/index.php?rest_route=\/wp\/v2\/pages\/35\/revisions"}],"up":[{"embeddable":true,"href":"https:\/\/primariailvamare.ro\/index.php?rest_route=\/wp\/v2\/pages\/5"}],"wp:attachment":[{"href":"https:\/\/primariailvamare.ro\/index.php?rest_route=%2Fwp%2Fv2%2Fmedia&parent=35"}],"curies":[{"name":"wp","href":"https:\/\/api.w.org\/{rel}","templated":true}]}}