{"id":33,"date":"2014-03-24T14:59:50","date_gmt":"2014-03-24T12:59:50","guid":{"rendered":"http:\/\/primariailvamare.ro\/?page_id=33"},"modified":"2018-02-27T11:44:45","modified_gmt":"2018-02-27T09:44:45","slug":"localizare","status":"publish","type":"page","link":"https:\/\/primariailvamare.ro\/?page_id=33","title":{"rendered":"Localizare si Cadrul natural"},"content":{"rendered":"<p><b>1.Localizare<\/b><\/p>\n<p>Comuna <i>Ilva Mare <\/i>este situat\u0103 \u00een partea de nord \u2013 est a jude\u0163ului Bistrita Nasaud la o distan\u0163\u0103 de cca 75 km de municipiul Bistrita, re\u015fedin\u0163\u0103 de jude\u0163.<\/p>\n<p>A\u015fezat\u0103 pe cursul superior al Raului Ilva , comuna <i>Ilva Mare <\/i>are urm\u0103torii vecini:<\/p>\n<p>&#8211;\u00a0\u00a0\u00a0\u00a0\u00a0\u00a0\u00a0\u00a0 la E se \u00eenvecineaz\u0103 cu teritoriul comunei Lunca Ilvei;<\/p>\n<p>&#8211;\u00a0\u00a0\u00a0\u00a0\u00a0\u00a0\u00a0\u00a0 la S\u00a0 se \u00eenvecineaz\u0103 cu teritoriul comunei Lesul Ilvei;<\/p>\n<p>&#8211;\u00a0 \u00a0 \u00a0 \u00a0 \u00a0la SE se invecineaza cu teritoriul comunei Tiha Bargaului;<\/p>\n<p>&#8211;\u00a0\u00a0\u00a0\u00a0\u00a0\u00a0\u00a0\u00a0 la V se \u00eenvecineaz\u0103 cu teritoriul comunei Magura Ilvei;<\/p>\n<p>&#8211;\u00a0\u00a0\u00a0\u00a0\u00a0\u00a0\u00a0\u00a0 la\u00a0 NV se \u00eenvecineaz\u0103 cu teritoriul comunei Rodna;<\/p>\n<p>&#8211;\u00a0\u00a0\u00a0\u00a0\u00a0\u00a0\u00a0\u00a0 la NE se \u00eenvecineaz\u0103 cu teritoriul comunei Sant.<\/p>\n<p>Comuna <i>Ilva Mare <\/i>este format\u0103 din urm\u0103toarele sate:<\/p>\n<p>\u25cf <i>Ilva Mare<\/i>, re\u015fedin\u0163\u0103 de comun\u0103;<\/p>\n<p>\u25cf Ivaneasa, sat apar\u0163in\u0103tor pe cursul Paraului Ivaneasa cu o lungime de \u00a0cca 8 km ;<\/p>\n<p><b>2.Cadrul natural <\/b><\/p>\n<p>Macrogeografic, unitatea de relief \u00een care se \u00eencadreaz\u0103 comuna este depresiunea Ilvelor , iar hidrografic este situat\u0103 \u00een bazinul superior al v\u0103ii Ilvei.<\/p>\n<p>Depresiunea Ilvelor, de origine tehtonic\u0103 se caracterizeaz\u0103 prin predominarea reliefului deluros cu altitudini medii de 550 \u2013 1350 m. Zona deluroas\u0103 ca treapt\u0103 de relief predominant\u0103, de\u0163ine 92% din suprafa\u0163a comunei, iar zona de munte (Muntele Cornii) 8 %.<\/p>\n<p><b>2.1.Clima <\/b><\/p>\n<p>Sub aspect climatic comuna se \u00eencadreaz\u0103 \u00een general \u00een climatul continental ,\u00a0 specific regiunilor de nord\u00a0 ale t\u0103rii noastre, sub influen\u0163a circula\u0163iei\u00a0 predominante a maselor de aer\u00a0 din est cat si din vest.<\/p>\n<p>Situat\u0103 \u00een Valea Ilvelor determin\u0103 o evolu\u0163ie destul de moderat\u0103 a principalelor elemente climatice.<\/p>\n<p>Precipita\u0163iile atmosferice anuale, \u00eenregistreaz\u0103 valori de 700 mm, exist\u0103nd \u00eens\u0103 excep\u0163ii\u00a0 \u00een anii cu activitate ciclonic\u0103 deosebit de fregvent\u0103 , acestea ajung la 1000 mm \u015fi chiar 1500 mm.<\/p>\n<p>V\u00e2nturile predominante pe teritoriul comunei sunt cele din est si vest , circulatia alternand cand inspre est cand spre vest<\/p>\n<p><b>2.2Apa<\/b><\/p>\n<p>Valea Ilvei\u00a0 care curge de-a lungul comunei \u015fi culege \u00eentrega re\u0163ea hidrografic\u0103 de pe teritoriul comunei inclusiv cel mai important afluent al cursului superior Ivaneasa. \u00cen cursul superior prime\u015fte ca afluen\u0163i mai importan\u0163i paraul Lazarut , Stiomp, Recele.<\/p>\n<p>Pe teritoriul comunei <i>Ilva Mare<\/i>, valea Ilvei\u00a0 str\u0103bate o distan\u0163\u0103 de aproximativ\u00a0 7 km.<\/p>\n<p><b>2.3Solul <\/b><\/p>\n<p>Datorit\u0103 faptului ca suntem intr-o zona deluroasa inalta spre montana\u00a0 con\u0163inutul in\u00a0 humus \u015fi gradul\u00a0 de fertilitate al\u00a0 solului este favorabil pentru mai putine culturi agricole, una dintre ele fiind cultura cartofului. In\u00a0 zon\u0103 important\u0103 este cresterea animalelor, fanatele si pasunile, ocupand cea mai\u00a0 mare parte a terenului agricol.<\/p>\n<p><b>2.4 Flora \u015fi fauna<\/b><\/p>\n<p>La nivelul comunei ecosistemele naturale \u015fi seminaturale ocup\u0103 un procent semnificativ din suprafa\u0163a total\u0103. Acestea sunt \u00een general ecosisteme de tip forestier \u015fi constituie habitatul natural pentru majoritatea speciilor de p\u0103s\u0103ri \u015fi animale s\u0103lbatice care reprezint\u0103 fauna comunei.<\/p>\n<p>Fauna acestor locuri este diversificat\u0103, astfel pot fi v\u0103zu\u0163i \u00een p\u0103durile de pe raza comunei mistre\u0163i, c\u0103priori, iepuri, chiar si ursi , fapt ce face posibil\u0103 amenajarea unor centre de v\u00e2n\u0103toare.<\/p>\n<p><b>2.5 Resurse<\/b><\/p>\n<p>Cadrul natural al teritoriului comunei <i>Ilva Mare <\/i>ofer\u0103 condi\u0163ii bune de dezvoltare \u00een agricultur\u0103, in special cresterea animalelor . Condi\u0163iile climatice sunt relativ propice \u00een ceea ce prive\u015fte precipita\u0163iile. Temperatura pentru planta\u0163ii pomicole \u015fi culturile agricole uneori este o problema. \u00cen zon\u0103 se pot cultiva cereale, cartofi, leguminoase pentru consumul propriu .<\/p>\n","protected":false},"excerpt":{"rendered":"<p>1.Localizare Comuna Ilva Mare este situat\u0103 \u00een partea de nord \u2013 est a jude\u0163ului Bistrita Nasaud la o distan\u0163\u0103 de cca 75 km de municipiul Bistrita, re\u015fedin\u0163\u0103 de jude\u0163. A\u015fezat\u0103 pe cursul superior al Raului Ilva , comuna Ilva Mare &hellip; <a href=\"https:\/\/primariailvamare.ro\/?page_id=33\">Continued<\/a><\/p>\n","protected":false},"author":1,"featured_media":0,"parent":5,"menu_order":2,"comment_status":"closed","ping_status":"closed","template":"","meta":[],"_links":{"self":[{"href":"https:\/\/primariailvamare.ro\/index.php?rest_route=\/wp\/v2\/pages\/33"}],"collection":[{"href":"https:\/\/primariailvamare.ro\/index.php?rest_route=\/wp\/v2\/pages"}],"about":[{"href":"https:\/\/primariailvamare.ro\/index.php?rest_route=\/wp\/v2\/types\/page"}],"author":[{"embeddable":true,"href":"https:\/\/primariailvamare.ro\/index.php?rest_route=\/wp\/v2\/users\/1"}],"replies":[{"embeddable":true,"href":"https:\/\/primariailvamare.ro\/index.php?rest_route=%2Fwp%2Fv2%2Fcomments&post=33"}],"version-history":[{"count":0,"href":"https:\/\/primariailvamare.ro\/index.php?rest_route=\/wp\/v2\/pages\/33\/revisions"}],"up":[{"embeddable":true,"href":"https:\/\/primariailvamare.ro\/index.php?rest_route=\/wp\/v2\/pages\/5"}],"wp:attachment":[{"href":"https:\/\/primariailvamare.ro\/index.php?rest_route=%2Fwp%2Fv2%2Fmedia&parent=33"}],"curies":[{"name":"wp","href":"https:\/\/api.w.org\/{rel}","templated":true}]}}