{"id":31,"date":"2014-03-24T14:58:40","date_gmt":"2014-03-24T12:58:40","guid":{"rendered":"http:\/\/primariailvamare.ro\/?page_id=31"},"modified":"2018-02-27T17:59:10","modified_gmt":"2018-02-27T15:59:10","slug":"scurt-istoric","status":"publish","type":"page","link":"https:\/\/primariailvamare.ro\/?page_id=31","title":{"rendered":"Scurt istoric"},"content":{"rendered":"<p><strong>\u00a0\u00a0\u00a0\u00a0\u00a0\u00a0\u00a0\u00a0\u00a0\u00a0Conform unor documente pe cursul superior al Vaii Ilvei exista localitatea la inceputul secolului al XVII localitatea fiind atestata documentar din anul 1710.<\/strong><br \/>\n<strong> Documentele istorice dar \u015fi compara\u0163ia cu localit\u0103\u0163ile din jur ne \u00eendrept\u0103\u0163e\u015fte s\u0103 afirm\u0103m ca istoria localit\u0103\u0163ii este mult mai veche.<\/strong><\/p>\n<p><strong>\u00a0\u00a0\u00a0\u00a0\u00a0\u00a0\u00a0\u00a0\u00a0\u00a0De-a lungul timpului localitatea Ilva Mare este strans legata atat cultural cat si economic si social de localitatile de pe Valea Somesului superior, in special cu Rodna si Maieru .De asemenea localitatea Ilva Mare, care pana in anul 1957 are in componenta si satul Lunca Ilvei , astazi fiind comuna separata a facut parte din Asociatia Comunelor Graniceresti (fiind localitate de granita ) fiind obligat\u0103 sa trimita anual tineri care erau inrolati in regimentul de granita cu sediul la Nasaud.<\/strong><\/p>\n<p><strong>Dupa infiintarea Regimentului de granita Nasaud (militarizare)in anul 1762, are loc un exod al populatiei, trecand in Moldova. Conform datelor istorice au plecat un numar de 86 familii din care 242 barbati, 204 femei, in total 446 persoane. Regimentul se desfiinteaza in anul 1851. In perioada cat a existat din Ilva Mare in toate bataliile au participat 239 ostasi, dintre care au ramas morti pe campul de batalie 43, un numar de 7 au decedat din cauza ranilor dupa ce s-au intors acasa.<\/strong><\/p>\n<p><strong>\u00a0\u00a0\u00a0\u00a0\u00a0\u00a0\u00a0\u00a0\u00a0\u00a0Dupa\u00a0 anul 1947 odata cu instaurarea regimului comunist, a avut loc \u00een cadrul localit\u0103\u0163ii Ilva Mare comasarea de teren pentru infiintarea CAP-ului , fapt care a dus la deportari la canal a oamenilor instariti si distrugerea micii industrii care se infiripa.<\/strong><\/p>\n<p><strong>\u00a0\u00a0\u00a0\u00a0\u00a0\u00a0\u00a0\u00a0\u00a0 Este demn de afirmat ca in anul 1883 se construieste biserica satului Ilva Mare prin contributia a 32 familii , costul acestui edificiu ridicandu-se conform documentelor la 17000 florini de aur , moneda vremii. De asemenea in anul 1887 se infiinteaza printre primele din tara\u00a0 Banca Cooperatista Ilva Mare si prima in judetul Bistrita Nasaud .In anul 1907 se termina lucrarile de constructie a sediului\u00a0 Bancii Cooperatiste Ilva Mare impreuna cu sediul Casinei Romane din Ilva Mare , unde Liviu Rebreanu , marele scriitor al neamului ramanesc va debuta.<\/strong><\/p>\n<p><strong>Prima masurare a hotarului dar foarte superficial are loc in anul 1790, cand se denumesc si locurile in general dupa numele familiilor care au locuit . In anul 1907 se termina cadastrarea localitatii Ilva Mare, astfel se realizeaza prima cadastrare, iar cartile funciare din acea perioada sunt valabile pana cand se va termina lucrarea de Cadastru inceputa\u00a0 in 2011, realizata\u00a0 dupa noul sistem de inregistrare.<\/strong><\/p>\n","protected":false},"excerpt":{"rendered":"<p>\u00a0\u00a0\u00a0\u00a0\u00a0\u00a0\u00a0\u00a0\u00a0\u00a0Conform unor documente pe cursul superior al Vaii Ilvei exista localitatea la inceputul secolului al XVII localitatea fiind atestata documentar din anul 1710. Documentele istorice dar \u015fi compara\u0163ia cu localit\u0103\u0163ile din jur ne \u00eendrept\u0103\u0163e\u015fte s\u0103 afirm\u0103m ca istoria localit\u0103\u0163ii este &hellip; <a href=\"https:\/\/primariailvamare.ro\/?page_id=31\">Continued<\/a><\/p>\n","protected":false},"author":1,"featured_media":0,"parent":5,"menu_order":1,"comment_status":"closed","ping_status":"open","template":"","meta":[],"_links":{"self":[{"href":"https:\/\/primariailvamare.ro\/index.php?rest_route=\/wp\/v2\/pages\/31"}],"collection":[{"href":"https:\/\/primariailvamare.ro\/index.php?rest_route=\/wp\/v2\/pages"}],"about":[{"href":"https:\/\/primariailvamare.ro\/index.php?rest_route=\/wp\/v2\/types\/page"}],"author":[{"embeddable":true,"href":"https:\/\/primariailvamare.ro\/index.php?rest_route=\/wp\/v2\/users\/1"}],"replies":[{"embeddable":true,"href":"https:\/\/primariailvamare.ro\/index.php?rest_route=%2Fwp%2Fv2%2Fcomments&post=31"}],"version-history":[{"count":0,"href":"https:\/\/primariailvamare.ro\/index.php?rest_route=\/wp\/v2\/pages\/31\/revisions"}],"up":[{"embeddable":true,"href":"https:\/\/primariailvamare.ro\/index.php?rest_route=\/wp\/v2\/pages\/5"}],"wp:attachment":[{"href":"https:\/\/primariailvamare.ro\/index.php?rest_route=%2Fwp%2Fv2%2Fmedia&parent=31"}],"curies":[{"name":"wp","href":"https:\/\/api.w.org\/{rel}","templated":true}]}}