{"id":28,"date":"2014-03-24T14:56:17","date_gmt":"2014-03-24T12:56:17","guid":{"rendered":"http:\/\/primariailvamare.ro\/?page_id=28"},"modified":"2014-04-02T16:46:13","modified_gmt":"2014-04-02T13:46:13","slug":"galerie-video","status":"publish","type":"page","link":"https:\/\/primariailvamare.ro\/?page_id=28","title":{"rendered":"Galerie video"},"content":{"rendered":"<p style=\"text-align: justify;\"><strong>Nu exist\u0103 fi\u015fiere video deocamdat\u0103 !<\/strong><\/p>\n","protected":false},"excerpt":{"rendered":"<p>Nu exist\u0103 fi\u015fiere video deocamdat\u0103 !<\/p>\n","protected":false},"author":1,"featured_media":0,"parent":17,"menu_order":2,"comment_status":"closed","ping_status":"open","template":"","meta":[],"_links":{"self":[{"href":"https:\/\/primariailvamare.ro\/index.php?rest_route=\/wp\/v2\/pages\/28"}],"collection":[{"href":"https:\/\/primariailvamare.ro\/index.php?rest_route=\/wp\/v2\/pages"}],"about":[{"href":"https:\/\/primariailvamare.ro\/index.php?rest_route=\/wp\/v2\/types\/page"}],"author":[{"embeddable":true,"href":"https:\/\/primariailvamare.ro\/index.php?rest_route=\/wp\/v2\/users\/1"}],"replies":[{"embeddable":true,"href":"https:\/\/primariailvamare.ro\/index.php?rest_route=%2Fwp%2Fv2%2Fcomments&post=28"}],"version-history":[{"count":0,"href":"https:\/\/primariailvamare.ro\/index.php?rest_route=\/wp\/v2\/pages\/28\/revisions"}],"up":[{"embeddable":true,"href":"https:\/\/primariailvamare.ro\/index.php?rest_route=\/wp\/v2\/pages\/17"}],"wp:attachment":[{"href":"https:\/\/primariailvamare.ro\/index.php?rest_route=%2Fwp%2Fv2%2Fmedia&parent=28"}],"curies":[{"name":"wp","href":"https:\/\/api.w.org\/{rel}","templated":true}]}}