{"id":21,"date":"2014-03-24T14:51:37","date_gmt":"2014-03-24T12:51:37","guid":{"rendered":"http:\/\/primariailvamare.ro\/?page_id=21"},"modified":"2025-01-28T10:09:49","modified_gmt":"2025-01-28T08:09:49","slug":"contact","status":"publish","type":"page","link":"https:\/\/primariailvamare.ro\/?page_id=21","title":{"rendered":"Contact"},"content":{"rendered":"\n<figure class=\"wp-block-table\"><table><tbody><tr><td><span style=\"color: #333399;\">\n<style>\n.wp-block-table tr td[colspan=\"2\"]{background-color:#2d5c88;color:#fff;border:solid #000 1px;}\n<\/style>\n<strong>Localitatea<\/strong><\/span><\/td><td><b><strong>\ud83d\udea9<\/strong>Ilva Mare<\/b><\/td><\/tr><tr><td><span style=\"color: #333399;\"><strong>Judetul:<\/strong><b>&nbsp;<\/b><\/span><\/td><td><b><strong>\ud83d\udd16<\/strong>Bistri\u0163a-N\u0103s\u0103ud<\/b><\/td><\/tr><tr><td><span style=\"color: #333399;\"><strong>Telefon:<\/strong><\/span><\/td><td><strong style=\"font-weight: bold;\"><a href=\"tel:0263376026\">\u260e <strong> 0263-376026<\/strong><\/a><\/strong><b> ,<\/b><a style=\"font-weight: bold;\" href=\"tel:0263376008\"> \u260e 376008<\/a><\/td><\/tr><tr><td><span style=\"color: #333399;\"><strong>Fax:<\/strong><b>&nbsp;<\/b><\/span><\/td><td><strong><strong>\ud83d\udce0<\/strong><\/strong> <strong>0372004163, 0372002749<\/strong><\/td><\/tr><tr><td><span style=\"color: #333399;\"><strong>Email:<\/strong><b>&nbsp;<\/b><\/span><\/td><td><strong><a href=\"mailto:primariailvamare2016@gmail.com\">primaria.ilvam@yahoo.com<\/a>, <a href=\"mailto:primaria.ilvam@yahoo.com\">primariailvamare2016@gmail.com<\/a><\/strong><\/td><\/tr><tr><td colspan=\"2\"><h4 style=\"color:#fff;\">Pentru mesaje \/ sesiz\u0103ri \/ \u00eentreb\u0103ri \/ etc. folosi\u021bi email-urile de mai sus<\/h4><\/td><\/tr><tr><td><span style=\"color: #333399;\"><strong>Mobil Primar:<\/strong><\/span><\/td><td><strong>&nbsp;<strong><a href=\"tel:0728112272\">0727716828<\/a><\/strong><\/strong><\/td><\/tr><tr><td><span style=\"color: #333399;\"><strong>Mobil Viceprimar:<\/strong><\/span><\/td><td>&nbsp;<\/td><\/tr><tr><td><span style=\"color: #333399;\"><strong>Mobil Secretar:<\/strong><\/span><\/td><td>&nbsp;<strong><a href=\"tel:0727716571\">0727716571<\/a><\/strong><\/td><\/tr><\/tbody><\/table><\/figure>\n\n\n\n<p class=\"has-text-align-left\"><strong>&nbsp;<\/strong><\/p>\n\n\n\n<p class=\"has-text-align-left\"><strong>Program de func\u021bionare:&nbsp;<\/strong><\/p>\n\n\n\n<p><strong>Program de audien\u021be:&nbsp;<\/strong><\/p>\n","protected":false},"excerpt":{"rendered":"<p>Localitatea \ud83d\udea9Ilva Mare Judetul:&nbsp; \ud83d\udd16Bistri\u0163a-N\u0103s\u0103ud Telefon: \u260e 0263-376026 , \u260e 376008 Fax:&nbsp; \ud83d\udce0 0372004163, 0372002749 Email:&nbsp; primaria.ilvam@yahoo.com, primariailvamare2016@gmail.com Pentru mesaje \/ sesiz\u0103ri \/ \u00eentreb\u0103ri \/ etc. folosi\u021bi email-urile de mai sus Mobil Primar: &nbsp;0727716828 Mobil Viceprimar: &nbsp; Mobil Secretar: &nbsp;0727716571 &hellip; <a href=\"https:\/\/primariailvamare.ro\/?page_id=21\">Continued<\/a><\/p>\n","protected":false},"author":1,"featured_media":0,"parent":0,"menu_order":7,"comment_status":"closed","ping_status":"open","template":"","meta":[],"_links":{"self":[{"href":"https:\/\/primariailvamare.ro\/index.php?rest_route=\/wp\/v2\/pages\/21"}],"collection":[{"href":"https:\/\/primariailvamare.ro\/index.php?rest_route=\/wp\/v2\/pages"}],"about":[{"href":"https:\/\/primariailvamare.ro\/index.php?rest_route=\/wp\/v2\/types\/page"}],"author":[{"embeddable":true,"href":"https:\/\/primariailvamare.ro\/index.php?rest_route=\/wp\/v2\/users\/1"}],"replies":[{"embeddable":true,"href":"https:\/\/primariailvamare.ro\/index.php?rest_route=%2Fwp%2Fv2%2Fcomments&post=21"}],"version-history":[{"count":0,"href":"https:\/\/primariailvamare.ro\/index.php?rest_route=\/wp\/v2\/pages\/21\/revisions"}],"wp:attachment":[{"href":"https:\/\/primariailvamare.ro\/index.php?rest_route=%2Fwp%2Fv2%2Fmedia&parent=21"}],"curies":[{"name":"wp","href":"https:\/\/api.w.org\/{rel}","templated":true}]}}