{"id":1050,"date":"2020-01-08T15:03:18","date_gmt":"2020-01-08T13:03:18","guid":{"rendered":"http:\/\/primariailvamare.ro\/?page_id=1050"},"modified":"2026-03-04T15:53:24","modified_gmt":"2026-03-04T13:53:24","slug":"hotararile-autoritatii-deliberative","status":"publish","type":"page","link":"https:\/\/primariailvamare.ro\/?page_id=1050","title":{"rendered":"Hot\u0103r\u00e2rile autorit\u0103\u021bii deliberative"},"content":{"rendered":"\n<div class=\"wp-block-file\"><a id=\"wp-block-file--media-67925578-9ce7-4d46-b4b6-4c4a719a9019\" href=\"https:\/\/primariailvamare.ro\/wp-content\/uploads\/2026\/03\/hor-sed-29.01.pdf\">hotarari sedinta 29.01.2026<\/a><\/div>\n\n\n\n<div class=\"wp-block-file\"><a id=\"wp-block-file--media-7deecc44-f1de-4888-83cd-6d6f2d173564\" href=\"https:\/\/primariailvamare.ro\/wp-content\/uploads\/2026\/03\/hot-sed-30.12.pdf\">hotarari sedinta 30.12.2025<\/a><\/div>\n\n\n\n<div class=\"wp-block-file\"><a id=\"wp-block-file--media-153442a6-27ac-4131-9ac2-7cbbed455f7c\" href=\"https:\/\/primariailvamare.ro\/wp-content\/uploads\/2026\/03\/hot-sed-16.12.pdf\">hotarari sedinta 16.12.2025<\/a><\/div>\n\n\n\n<div class=\"wp-block-file\"><a id=\"wp-block-file--media-e5caa6d4-1075-47df-8e5f-abc837c064f2\" href=\"https:\/\/primariailvamare.ro\/wp-content\/uploads\/2026\/03\/hot-sed-03.12.pdf\">hotarari sedinta 03.12.2025<\/a><\/div>\n\n\n\n<div class=\"wp-block-file\"><a id=\"wp-block-file--media-7258478e-bb6c-4d52-84f6-2933fae8f25b\" href=\"https:\/\/primariailvamare.ro\/wp-content\/uploads\/2025\/12\/sed-13.11.25.pdf\">hotarari sedinta 13.11.25<\/a><\/div>\n\n\n\n<div class=\"wp-block-file\"><a id=\"wp-block-file--media-93df5e9f-1af2-49f7-8f7b-e2933f1acce0\" href=\"https:\/\/primariailvamare.ro\/wp-content\/uploads\/2025\/12\/sed-30.10.25.pdf\">hotarari sedinta 30.10.25<\/a><\/div>\n\n\n\n<div class=\"wp-block-file\"><a id=\"wp-block-file--media-e034a945-4097-4248-aa0c-acd7c73d6314\" href=\"https:\/\/primariailvamare.ro\/wp-content\/uploads\/2025\/12\/sed-08.10.25.pdf\">hotarari sedinta 08.10.25<\/a><\/div>\n\n\n\n<div class=\"wp-block-file\"><a id=\"wp-block-file--media-691246b1-83a9-4732-96ca-6030dd0d1ea2\" href=\"https:\/\/primariailvamare.ro\/wp-content\/uploads\/2025\/12\/sed-05.09.25.pdf\">hotarari sedinta 05.09.25<\/a><\/div>\n\n\n\n<div class=\"wp-block-file\"><a id=\"wp-block-file--media-29a2bb38-46b3-40b7-b552-c97ae631f2ad\" href=\"https:\/\/primariailvamare.ro\/wp-content\/uploads\/2025\/12\/sed-18.08.25.pdf\">hotarari sedinta18.08.25<\/a><\/div>\n\n\n\n<div class=\"wp-block-file\"><a id=\"wp-block-file--media-c045c873-73e4-4cf0-a712-83e01c362fa9\" href=\"https:\/\/primariailvamare.ro\/wp-content\/uploads\/2025\/12\/sed-05.08.25.pdf\">hotarari sedinta 05.08.25<\/a><\/div>\n\n\n\n<div class=\"wp-block-file\"><a id=\"wp-block-file--media-bb59f865-989b-46e4-bc35-a59e0aa2e7f4\" href=\"https:\/\/primariailvamare.ro\/wp-content\/uploads\/2025\/12\/sed-18.06.25.pdf\">hotarari sedinta 18.06.25<\/a><\/div>\n\n\n\n<div class=\"wp-block-file\"><a id=\"wp-block-file--media-499a282a-c9be-4850-894f-fb4221161f0a\" href=\"https:\/\/primariailvamare.ro\/wp-content\/uploads\/2025\/12\/sed-30.05.25.pdf\">hotarari sedinta 30.05.25<\/a><\/div>\n\n\n\n<div class=\"wp-block-file\"><a id=\"wp-block-file--media-fb13e7fb-11d0-4b9d-b2ee-d7e84f81a9d9\" href=\"https:\/\/primariailvamare.ro\/wp-content\/uploads\/2025\/12\/sed-30.04.25.pdf\">hotarari sedinta 30.04.2025<\/a><\/div>\n\n\n\n<div class=\"wp-block-file\"><a id=\"wp-block-file--media-9e28b921-f729-467d-b951-d3ac9f39c986\" href=\"https:\/\/primariailvamare.ro\/wp-content\/uploads\/2025\/12\/sed-07.04.25.pdf\">hotarari sedinta 07.04.2025<\/a><\/div>\n\n\n\n<div class=\"wp-block-file\"><a id=\"wp-block-file--media-675eb3c9-1c00-4fca-94f7-84d5320251d0\" href=\"https:\/\/primariailvamare.ro\/wp-content\/uploads\/2025\/06\/sed-24.03.25.pdf\">hotarari sedinta 24.03.2025<\/a><\/div>\n\n\n\n<div class=\"wp-block-file\"><a id=\"wp-block-file--media-d6c449be-39a8-45fb-83ea-37f3e2058fbe\" href=\"https:\/\/primariailvamare.ro\/wp-content\/uploads\/2025\/06\/sed-13.02.25.pdf\">hotarari sedinta 13.02.2025<\/a><\/div>\n\n\n\n<div class=\"wp-block-file\"><a id=\"wp-block-file--media-2f349675-32f2-47e5-bf99-67f6ffa57327\" href=\"https:\/\/primariailvamare.ro\/wp-content\/uploads\/2025\/06\/sed-30.01.25.pdf\">hotarari sedinta  30.01.2025<\/a><\/div>\n\n\n\n<div class=\"wp-block-file\"><a id=\"wp-block-file--media-651f25a4-37a9-48bb-a7a6-7f103856a060\" href=\"https:\/\/primariailvamare.ro\/wp-content\/uploads\/2025\/01\/hot-decembrie-2025.pdf\">decembrie 2024<\/a><\/div>\n\n\n\n<div class=\"wp-block-file\"><a id=\"wp-block-file--media-177391fe-a797-4c49-83f4-98086f4aa3d4\" href=\"https:\/\/primariailvamare.ro\/wp-content\/uploads\/2024\/12\/hot-06-noi2024.pdf\">06 noiembrie 2024<\/a><\/div>\n\n\n\n<div class=\"wp-block-file\"><a id=\"wp-block-file--media-462ea730-27bb-4c26-93e0-77d0c8171e9d\" href=\"https:\/\/primariailvamare.ro\/wp-content\/uploads\/2024\/12\/hot-05-noi2024-1.pdf\">05 noiembrie 2024<\/a><\/div>\n\n\n\n<div class=\"wp-block-file\"><a id=\"wp-block-file--media-8a457902-446d-489a-830a-910f1edf5d31\" href=\"https:\/\/primariailvamare.ro\/wp-content\/uploads\/2024\/12\/pv-sedinta-extr-23-oct2024-1.pdf\">pv-sedinta-extr-23-oct2024-1<\/a><\/div>\n\n\n\n<div class=\"wp-block-file\"><a id=\"wp-block-file--media-5e32a0b7-92a4-43f1-9211-eb3bddb38427\" href=\"https:\/\/primariailvamare.ro\/wp-content\/uploads\/2024\/12\/hot-oct2024-1.pdf\">octombrie 2024<\/a><\/div>\n\n\n\n<div class=\"wp-block-file\"><a id=\"wp-block-file--media-74f9511e-0962-46af-99e3-0f992f7d03bb\" href=\"https:\/\/primariailvamare.ro\/wp-content\/uploads\/2024\/12\/hot-sept-2024.pdf\">septembrie 2024<\/a><\/div>\n\n\n\n<div class=\"wp-block-file\"><a id=\"wp-block-file--media-4662d3f9-2252-4903-b4ab-e1d1353c5e17\" href=\"https:\/\/primariailvamare.ro\/wp-content\/uploads\/2024\/12\/hot-august2024.pdf\">august 2024<\/a><\/div>\n\n\n\n<div class=\"wp-block-file\"><a id=\"wp-block-file--media-7c629520-af3c-438e-a081-cda185977598\" href=\"https:\/\/primariailvamare.ro\/wp-content\/uploads\/2024\/12\/hot-iumie2024.pdf\">iunie-2 2024<\/a><\/div>\n\n\n\n<div class=\"wp-block-file\"><a id=\"wp-block-file--media-b3f065e0-d785-4481-8b7e-5392917965ba\" href=\"https:\/\/primariailvamare.ro\/wp-content\/uploads\/2024\/07\/hot-apr2024.pdf\">iunie 2024<\/a><\/div>\n\n\n\n<div class=\"wp-block-file\"><a id=\"wp-block-file--media-05c87d26-1197-4c5f-91a4-d6bf934ed3f0\" href=\"https:\/\/primariailvamare.ro\/wp-content\/uploads\/2024\/12\/hcl-aprile2024.pdf\">aprile 2024<\/a><\/div>\n\n\n\n<div class=\"wp-block-file\"><a id=\"wp-block-file--media-5416ba59-3281-4205-bc74-0df2fad5aa4a\" href=\"https:\/\/primariailvamare.ro\/wp-content\/uploads\/2024\/07\/hot-martie2024.pdf\">martie 2024<\/a><\/div>\n\n\n\n<div class=\"wp-block-file\"><a id=\"wp-block-file--media-c9445e76-1554-4ae6-852b-39a223edf419\" href=\"https:\/\/primariailvamare.ro\/wp-content\/uploads\/2024\/07\/hot-febr2024.pdf\">februarie 2024<\/a><\/div>\n\n\n\n<div class=\"wp-block-file\"><a id=\"wp-block-file--media-a0dab48b-767a-4d88-8a42-9cc003660bc1\" href=\"https:\/\/primariailvamare.ro\/wp-content\/uploads\/2024\/07\/hot-ian2024.pdf\">ianuarie 2024<\/a><\/div>\n\n\n\n<div class=\"wp-block-file\"><a id=\"wp-block-file--media-3c98379a-6280-4c31-b482-d02fbe277ed2\" href=\"https:\/\/primariailvamare.ro\/wp-content\/uploads\/2024\/07\/hot-noi-2023-1.pdf\">noiembrie 2023<\/a><\/div>\n\n\n\n<div class=\"wp-block-file\"><a id=\"wp-block-file--media-b487df23-a2d2-4e42-82f7-da054576dd12\" href=\"https:\/\/primariailvamare.ro\/wp-content\/uploads\/2024\/03\/oct-2023_202403080932.pdf\" target=\"_blank\" rel=\"noreferrer noopener\">octombrie 2023<\/a><\/div>\n\n\n\n<div class=\"wp-block-file\"><a id=\"wp-block-file--media-4a839bce-d2c6-43e8-acb4-93c412da3010\" href=\"https:\/\/primariailvamare.ro\/wp-content\/uploads\/2023\/11\/hot-sept-_202311141001.pdf\">septembrie 2023<\/a><\/div>\n\n\n\n<div class=\"wp-block-file\"><a id=\"wp-block-file--media-46e2465c-7b57-4e95-8c8a-a7e6047ac163\" href=\"https:\/\/primariailvamare.ro\/wp-content\/uploads\/2023\/11\/hot-sept_202311140946.pdf\">august 2023<br><\/a><\/div>\n\n\n\n<div class=\"wp-block-file\"><a id=\"wp-block-file--media-84bb321a-a587-4470-8849-606dc33cf821\" href=\"https:\/\/primariailvamare.ro\/wp-content\/uploads\/2023\/11\/iulie-hot_202311140935-2.pdf\">iulie 2023<\/a><\/div>\n\n\n\n<div class=\"wp-block-file\"><a id=\"wp-block-file--media-eb69836e-b3dd-4c65-8313-3a482cac9457\" href=\"https:\/\/primariailvamare.ro\/wp-content\/uploads\/2023\/11\/hot-iunie_202311140919-1.pdf\" target=\"_blank\" rel=\"noreferrer noopener\">iunie 2023<\/a><\/div>\n\n\n\n<div class=\"wp-block-file\"><a id=\"wp-block-file--media-67c986d0-0bee-4dd3-951f-1f525c35d068\" href=\"https:\/\/primariailvamare.ro\/wp-content\/uploads\/2023\/08\/hot-mai-2023_202307180958.pdf\">mai 2023<\/a><\/div>\n\n\n\n<div class=\"wp-block-file\"><a id=\"wp-block-file--media-115d4108-2985-4a2c-93ef-c0735535dd68\" href=\"https:\/\/primariailvamare.ro\/wp-content\/uploads\/2023\/08\/hot-apr-2023_202307180949.pdf\">aprilie 2023<\/a><\/div>\n\n\n\n<div class=\"wp-block-file\"><a id=\"wp-block-file--media-e4f8bc9a-0335-4b7e-8ed5-f717e3655350\" href=\"https:\/\/primariailvamare.ro\/wp-content\/uploads\/2023\/08\/hot-martie-2023_202307180944.pdf\">martie 2023<\/a><\/div>\n\n\n\n<div class=\"wp-block-file\"><a id=\"wp-block-file--media-94b15463-033a-40c0-89db-1bc34999b1b8\" href=\"https:\/\/primariailvamare.ro\/wp-content\/uploads\/2023\/08\/hot-febr-2023_202307180928-1.pdf\">februarie 2023<\/a><\/div>\n\n\n\n<div class=\"wp-block-file\"><a id=\"wp-block-file--media-c6751b61-6049-43c8-971c-aae0a7e9d86c\" href=\"https:\/\/primariailvamare.ro\/wp-content\/uploads\/2023\/08\/hotarari-ian-2023_202307180914.pdf\">ianuarie 2023 <\/a><\/div>\n\n\n\n<p><a href=\"https:\/\/primariailvamare.ro\/wp-content\/uploads\/2020\/01\/hot-dec-29-12_202302101351.pdf\">decembrie 29.12.2022<\/a><\/p>\n\n\n\n<p><a href=\"https:\/\/primariailvamare.ro\/wp-content\/uploads\/2020\/01\/hot-dec21_202302101054.pdf\">decembrie 21.12.2022<\/a><\/p>\n\n\n\n<p><a href=\"https:\/\/primariailvamare.ro\/wp-content\/uploads\/2020\/01\/hot-dec-12.12_202302101051.pdf\">decembrie 12.12.2022<\/a><\/p>\n\n\n\n<p><a href=\"https:\/\/primariailvamare.ro\/wp-content\/uploads\/2020\/01\/hot-de-05-12.pdf\">decembrie 05.12.2022<\/a><\/p>\n\n\n\n<p><a href=\"https:\/\/primariailvamare.ro\/wp-content\/uploads\/2020\/01\/hot-noi_202302091127.pdf\">noiembrie 2022<\/a><\/p>\n\n\n\n<p><a href=\"https:\/\/primariailvamare.ro\/wp-content\/uploads\/2020\/01\/hot-oct_202302091102.pdf\">octombrie 2022<\/a><\/p>\n\n\n\n<p><a href=\"https:\/\/primariailvamare.ro\/wp-content\/uploads\/2020\/01\/hot-sept_202211111242.pdf\">septembrie 2022<\/a><\/p>\n\n\n\n<p><a href=\"https:\/\/primariailvamare.ro\/wp-content\/uploads\/2020\/01\/hot-aug_202211111252.pdf\">august 2022<\/a><\/p>\n\n\n\n<p><a href=\"https:\/\/primariailvamare.ro\/wp-content\/uploads\/2020\/01\/hot-iulie_202211111222.pdf\">iulie 2022<\/a><\/p>\n\n\n\n<p><a href=\"https:\/\/primariailvamare.ro\/wp-content\/uploads\/2020\/01\/iunie-2022_202211111058.pdf\">iunie 2022<\/a><\/p>\n\n\n\n<p><a href=\"https:\/\/primariailvamare.ro\/wp-content\/uploads\/2020\/01\/mai-2022-hcl_202206091255.pdf\">mai 2022 <\/a><\/p>\n\n\n\n<p><a href=\"https:\/\/primariailvamare.ro\/wp-content\/uploads\/2020\/01\/hcl-apr2022_202206091250.pdf\">aprilie 2022<\/a><\/p>\n\n\n\n<p><a href=\"https:\/\/primariailvamare.ro\/wp-content\/uploads\/2020\/01\/hcl-martie2022_202206091132.pdf\">martie 2022<\/a><\/p>\n\n\n\n<p><a href=\"https:\/\/primariailvamare.ro\/wp-content\/uploads\/2020\/01\/hcl-febr-2022_202206091121.pdf\">februarie 2022<\/a><\/p>\n\n\n\n<p><a href=\"https:\/\/primariailvamare.ro\/wp-content\/uploads\/2020\/01\/hcl-ian-2022_202206091047.pdf\">ianuarie 2022<\/a><\/p>\n\n\n\n<p><a href=\"https:\/\/primariailvamare.ro\/wp-content\/uploads\/2020\/01\/taxe-locale-2022_202201201400.pdf\">Hotarare taxe locale 2022<\/a><\/p>\n\n\n\n<p><a href=\"https:\/\/primariailvamare.ro\/wp-content\/uploads\/2020\/01\/taxe-speciale-2022_202201201358.pdf\">Hotarare taxe speciale 2022<\/a><\/p>\n\n\n\n<p><a href=\"https:\/\/primariailvamare.ro\/wp-content\/uploads\/2020\/01\/hota-dec-2021_202201201323.pdf\">decembrie 2021<\/a><\/p>\n\n\n\n<p><a href=\"https:\/\/primariailvamare.ro\/wp-content\/uploads\/2020\/01\/hcl-noi_202201201311.pdf\">noiembrie 2021<\/a><\/p>\n\n\n\n<p><a href=\"https:\/\/primariailvamare.ro\/wp-content\/uploads\/2020\/01\/hot-oct_202111241126.pdf\">octombrie-2<\/a>021-2<\/p>\n\n\n\n<p><a style=\"color: #005580; text-decoration-line: underline;\" href=\"https:\/\/primariailvamare.ro\/wp-content\/uploads\/2020\/01\/hot-sept-_202111241119.pdf\">octombrie 2021-<\/a><a style=\"color: #005580; text-decoration-line: underline;\" href=\"https:\/\/primariailvamare.ro\/wp-content\/uploads\/2020\/01\/hot-sept-_202111241119.pdf\">1<\/a><\/p>\n\n\n\n<p><a href=\"https:\/\/primariailvamare.ro\/wp-content\/uploads\/2020\/01\/hot-sept_202111240934.pdf\">septembrie 202<\/a>1<\/p>\n\n\n\n<p><a href=\"https:\/\/primariailvamare.ro\/wp-content\/uploads\/2020\/01\/hcl-iulie-2021_202108171132.pdf\">iulie 2021<\/a><\/p>\n\n\n\n<p><a href=\"https:\/\/primariailvamare.ro\/wp-content\/uploads\/2020\/01\/hcl-iunie-2021_202108171119.pdf\">iunie 2021<\/a><\/p>\n\n\n\n<p><a href=\"https:\/\/primariailvamare.ro\/wp-content\/uploads\/2020\/01\/hcl-mai-2021_202108171113.pdf\">mai 2021<\/a><\/p>\n\n\n\n<p><a href=\"https:\/\/primariailvamare.ro\/wp-content\/uploads\/2020\/01\/hcl-aprile.pdf\">aprilie 2021<\/a><\/p>\n\n\n\n<p><a href=\"https:\/\/primariailvamare.ro\/wp-content\/uploads\/2020\/01\/hcl-martie.pdf\">martie 2021<\/a><\/p>\n\n\n\n<p><a href=\"https:\/\/primariailvamare.ro\/wp-content\/uploads\/2020\/01\/hcl-feb.pdf\">februarie 2021<\/a><\/p>\n\n\n\n<p><a href=\"https:\/\/primariailvamare.ro\/wp-content\/uploads\/2020\/01\/hcl-ian.pdf\">ianuarie 2021<\/a><\/p>\n\n\n\n<p><a href=\"https:\/\/primariailvamare.ro\/wp-content\/uploads\/2020\/01\/hot-dec-2020.pdf\">decembrie 2020<\/a><\/p>\n\n\n\n<p><a href=\"https:\/\/primariailvamare.ro\/wp-content\/uploads\/2020\/01\/hot-noi-2020-1.pdf\">noiembrie 2020-1<\/a><\/p>\n\n\n\n<p><a href=\"https:\/\/primariailvamare.ro\/wp-content\/uploads\/2020\/01\/hot-noi-2020.pdf\">noiembrie 2020<\/a><\/p>\n\n\n\n<p><a href=\"https:\/\/primariailvamare.ro\/wp-content\/uploads\/2020\/01\/ceremonia-de-constituire.pdf\">hotarare de constituire<\/a><\/p>\n\n\n\n<p><a href=\"https:\/\/primariailvamare.ro\/wp-content\/uploads\/2020\/01\/hotarari-sept-2020.pdf\">septembrie 2020<\/a><\/p>\n\n\n\n<p><a href=\"https:\/\/primariailvamare.ro\/wp-content\/uploads\/2020\/01\/hotarare-august-2020.pdf\">august 2020<\/a><a href=\"https:\/\/primariailvamare.ro\/wp-content\/uploads\/2020\/01\/hot-iulie-2020.pdf\"><br><\/a><\/p>\n\n\n\n<p><a href=\"https:\/\/primariailvamare.ro\/wp-content\/uploads\/2020\/01\/hot-iulie-2020.pdf\"> iulie 2020<\/a> <a href=\"https:\/\/primariailvamare.ro\/wp-content\/uploads\/2020\/01\/hot-iunie-2020.pdf\"><br><\/a><\/p>\n\n\n\n<p><a href=\"https:\/\/primariailvamare.ro\/wp-content\/uploads\/2020\/01\/hot-iunie-2020.pdf\">iunie 2020<\/a><\/p>\n\n\n\n<p><a href=\"https:\/\/primariailvamare.ro\/wp-content\/uploads\/2020\/01\/hotarari-mai-2020.pdf\">mai 2020<\/a><\/p>\n\n\n\n<p><a href=\"https:\/\/primariailvamare.ro\/wp-content\/uploads\/2020\/01\/hot-mai-2020.pdf\">hotarari mai 2020<\/a><\/p>\n\n\n\n<p><a href=\"https:\/\/primariailvamare.ro\/wp-content\/uploads\/2020\/01\/hotarari-martie-2020.pdf\">hotarari martie 2020<\/a><\/p>\n\n\n\n<p><a href=\"https:\/\/primariailvamare.ro\/wp-content\/uploads\/2020\/01\/20200330095254414.pdf\">hotarare sedinta extraordinara 20.03.2020<\/a><\/p>\n\n\n\n<p><a href=\"https:\/\/primariailvamare.ro\/wp-content\/uploads\/2020\/01\/hot-feb.pdf\">hotarari februarie 2020<\/a><\/p>\n\n\n\n<p><a href=\"https:\/\/primariailvamare.ro\/wp-content\/uploads\/2020\/01\/hot-7.pdf\">hotarare privind masuri coronavirus<\/a><\/p>\n\n\n\n<p><a href=\"https:\/\/primariailvamare.ro\/wp-content\/uploads\/2020\/01\/hotarari-ian-2020.pdf\">ianuarie 2020<\/a><\/p>\n","protected":false},"excerpt":{"rendered":"<p>decembrie 29.12.2022 decembrie 21.12.2022 decembrie 12.12.2022 decembrie 05.12.2022 noiembrie 2022 octombrie 2022 septembrie 2022 august 2022 iulie 2022 iunie 2022 mai 2022 aprilie 2022 martie 2022 februarie 2022 ianuarie 2022 Hotarare taxe locale 2022 Hotarare taxe speciale 2022 decembrie 2021 &hellip; <a href=\"https:\/\/primariailvamare.ro\/?page_id=1050\">Continued<\/a><\/p>\n","protected":false},"author":1,"featured_media":0,"parent":1045,"menu_order":3,"comment_status":"closed","ping_status":"closed","template":"","meta":[],"_links":{"self":[{"href":"https:\/\/primariailvamare.ro\/index.php?rest_route=\/wp\/v2\/pages\/1050"}],"collection":[{"href":"https:\/\/primariailvamare.ro\/index.php?rest_route=\/wp\/v2\/pages"}],"about":[{"href":"https:\/\/primariailvamare.ro\/index.php?rest_route=\/wp\/v2\/types\/page"}],"author":[{"embeddable":true,"href":"https:\/\/primariailvamare.ro\/index.php?rest_route=\/wp\/v2\/users\/1"}],"replies":[{"embeddable":true,"href":"https:\/\/primariailvamare.ro\/index.php?rest_route=%2Fwp%2Fv2%2Fcomments&post=1050"}],"version-history":[{"count":3,"href":"https:\/\/primariailvamare.ro\/index.php?rest_route=\/wp\/v2\/pages\/1050\/revisions"}],"predecessor-version":[{"id":2323,"href":"https:\/\/primariailvamare.ro\/index.php?rest_route=\/wp\/v2\/pages\/1050\/revisions\/2323"}],"up":[{"embeddable":true,"href":"https:\/\/primariailvamare.ro\/index.php?rest_route=\/wp\/v2\/pages\/1045"}],"wp:attachment":[{"href":"https:\/\/primariailvamare.ro\/index.php?rest_route=%2Fwp%2Fv2%2Fmedia&parent=1050"}],"curies":[{"name":"wp","href":"https:\/\/api.w.org\/{rel}","templated":true}]}}