{"id":1045,"date":"2020-01-08T14:43:19","date_gmt":"2020-01-08T12:43:19","guid":{"rendered":"http:\/\/primariailvamare.ro\/?page_id=1045"},"modified":"2023-06-22T07:59:48","modified_gmt":"2023-06-22T04:59:48","slug":"monitorul-oficial-local","status":"publish","type":"page","link":"https:\/\/primariailvamare.ro\/?page_id=1045","title":{"rendered":"Monitorul oficial local"},"content":{"rendered":"\n<p><a href=\"https:\/\/primariailvamare.ro\/?page_id=1047\"><strong>Statutul unit\u0103\u021bii administrativ-teritoriale<\/strong><\/a><\/p>\n\n\n\n<p><a href=\"https:\/\/primariailvamare.ro\/?page_id=1048\"><strong>Regulamentele privind procedurile administrative<\/strong><\/a><\/p>\n\n\n\n<p><a href=\"https:\/\/primariailvamare.ro\/?page_id=1050\"><strong>Hot\u0103r\u00e2rile autorit\u0103\u021bii deliberative<\/strong><\/a><\/p>\n\n\n\n<p><a href=\"https:\/\/primariailvamare.ro\/?page_id=1052\"><strong>Dispozi\u021biile autorit\u0103\u021bii executive<\/strong><\/a><\/p>\n\n\n\n<p><a href=\"https:\/\/primariailvamare.ro\/?page_id=1067\"><strong>Documente \u0219i informa\u021bii financiare<\/strong><\/a><\/p>\n\n\n\n<p><a href=\"https:\/\/primariailvamare.ro\/?page_id=1054\"><strong>Alte documente<\/strong><\/a><\/p>\n","protected":false},"excerpt":{"rendered":"<p>Statutul unit\u0103\u021bii administrativ-teritoriale Regulamentele privind procedurile administrative Hot\u0103r\u00e2rile autorit\u0103\u021bii deliberative Dispozi\u021biile autorit\u0103\u021bii executive Documente \u0219i informa\u021bii financiare Alte documente<\/p>\n","protected":false},"author":1,"featured_media":0,"parent":0,"menu_order":0,"comment_status":"closed","ping_status":"closed","template":"","meta":[],"_links":{"self":[{"href":"https:\/\/primariailvamare.ro\/index.php?rest_route=\/wp\/v2\/pages\/1045"}],"collection":[{"href":"https:\/\/primariailvamare.ro\/index.php?rest_route=\/wp\/v2\/pages"}],"about":[{"href":"https:\/\/primariailvamare.ro\/index.php?rest_route=\/wp\/v2\/types\/page"}],"author":[{"embeddable":true,"href":"https:\/\/primariailvamare.ro\/index.php?rest_route=\/wp\/v2\/users\/1"}],"replies":[{"embeddable":true,"href":"https:\/\/primariailvamare.ro\/index.php?rest_route=%2Fwp%2Fv2%2Fcomments&post=1045"}],"version-history":[{"count":0,"href":"https:\/\/primariailvamare.ro\/index.php?rest_route=\/wp\/v2\/pages\/1045\/revisions"}],"wp:attachment":[{"href":"https:\/\/primariailvamare.ro\/index.php?rest_route=%2Fwp%2Fv2%2Fmedia&parent=1045"}],"curies":[{"name":"wp","href":"https:\/\/api.w.org\/{rel}","templated":true}]}}